{"id":212,"date":"2023-08-02T18:11:48","date_gmt":"2023-08-02T18:11:48","guid":{"rendered":"http:\/\/xn--geflgelhof-luthersborn-vlc.de\/?page_id=212"},"modified":"2023-08-02T18:13:22","modified_gmt":"2023-08-02T18:13:22","slug":"produkte_2-2","status":"publish","type":"page","link":"http:\/\/xn--geflgelhof-luthersborn-vlc.de\/?page_id=212","title":{"rendered":"Produkte"},"content":{"rendered":"<p>Kaufen Sie mit gutem Gewissen bei uns ein. Denn der Gefl\u00fcgelhof Luthersborn zeichnet sich durch eine besonders tiergerechte Haltung mit ausgezeichneter Qualit\u00e4t aus. Mit viel Sorgfalt kontrollieren und verpacken wir unsere Eier nach Ihren W\u00fcnschen. Die Zufriedenheit und das Vertrauen unserer Kunden ist uns sehr wichtig. Denn unsere Qualit\u00e4t ist nicht zuletzt auch Ihre Qualit\u00e4t. P\u00fcnktliche, zuverl\u00e4ssige und flexible Lieferung ist f\u00fcr uns selbstverst\u00e4ndlich. Mehrmals w\u00f6chentlich beliefern wir unsere Kunden, damit unsere Kunden immer superfrische Ware haben.<\/p>\n<p>Sie m\u00f6chten regelm\u00e4\u00dfig von uns beliefert werden oder eine einmalige Gro\u00dfbestellung aufgeben? Sehr gerne! Wir behandeln alle Kunden freundlich und zuvorkommend.<\/p>\n<p>Zufriedene Kunden sind das Ziel unserer t\u00e4glichen Arbeit. Gerade auch der pers\u00f6nliche und langfristige Kontakt bedeutet uns sehr viel. Schon am Telefon begr\u00fc\u00dfen wir Sie mit einem L\u00e4cheln. Sie haben Fragen zu unseren Produkten, Preisen und Lieferm\u00f6glichkeiten? Gerne informieren wir Sie \u00fcber unsere Angebote und stehen auf Wunsch auch beratend zur Seite.<\/p>\n<p>&nbsp;<\/p>\n<p><u>Eierpackstelle<\/u><\/p>\n<p><img decoding=\"async\" loading=\"lazy\" class=\"wp-image-53 aligncenter\" src=\"http:\/\/xn--geflgelhof-luthersborn-vlc.de\/wp-content\/uploads\/2017\/08\/EM20018.jpg\" alt=\"\" width=\"788\" height=\"259\"><\/p>\n<p>Die Eierpackstelle ist praktisch das Herz unseres Betriebes. Durch modernste Technologie werden die Eier aus den verschiedenen Haltungsbereichen mehrmals t\u00e4glich per hygienischem F\u00f6rderband in die Packstelle transportiert.<\/p>\n<p>Unsere geschulten <strong>Mitarbeiterinnen<\/strong> und <strong>Mitarbeiter<\/strong> kontrollieren die Eier per Durchleuchtung zun\u00e4chst auf m\u00f6gliche Sch\u00e4den sowie auch auf Sauberkeit, denn Qualit\u00e4t zeichnet sich auch durch Hygiene aus. Hier erfolgt auch die Sortierung nach den offiziellen Handelsklassen, die den sp\u00e4teren Kennzeichnungen auf den Verpackungen nach nationalen Regelungen und EU-Richtlinien entsprechen.<\/p>\n<p>Alle Eier werden mit der Erzeugercodierung versehen, so dass Herkunft, Haltung und Legedatum l\u00fcckenlos nachgewiesen werden k\u00f6nnen. Gem\u00e4\u00df den Kundenbestellungen verpacken wir die Eier und liefern sie tagfrisch aus.<\/p>\n<p>&nbsp;<\/p>\n<p><u>Produktpalette<\/u><\/p>\n<p>Ob gro\u00dfe oder kleine, wei\u00dfe oder braune Eier. Ob aus Freiland- oder Bodenhaltung. Ob gekochte und gef\u00e4rbte Eier \u2013 Sie haben bei uns die freie Auswahl zwischen Produkten aus den zwei Haltungsformen. Nach Ihren W\u00fcnschen liefern wir Eier als lose Ware oder verpackt Kleinverpackung oder in Kisten.<\/p>\n<p>Des Weiteren bieten Ihnen verschiedene frisch selbst gemachte Eiernudeln an.<\/p>\n<p><img decoding=\"async\" loading=\"lazy\" class=\"wp-image-53 aligncenter\" src=\"http:\/\/xn--geflgelhof-luthersborn-vlc.de\/wp-content\/uploads\/2017\/08\/Eiernudeln-300x104.jpg\" alt=\"\" width=\"788\" height=\"259\"><\/p>\n<p>&nbsp;<\/p>\n<p>&nbsp;<\/p>\n<p>&nbsp;<\/p>\n<p>F\u00fcr ein vollst\u00e4ndiges Sortiment sorgt unser Eierlik\u00f6r.<\/p>\n<p><img decoding=\"async\" loading=\"lazy\" class=\"wp-image-53 aligncenter\" src=\"http:\/\/xn--geflgelhof-luthersborn-vlc.de\/wp-content\/uploads\/2017\/08\/Eierlik\u00f6r-alle.jpg\" alt=\"\" width=\"788\" height=\"259\"><\/p>\n<p>&nbsp;<\/p>\n<p>Gerne informieren wir Sie \u00fcber unsere aktuellen Preise und Lieferm\u00f6glichkeiten.<\/p>\n<p><u>&nbsp;<\/u><\/p>\n<p><u>Qualit\u00e4t<\/u><\/p>\n<h1>Beste Qualit\u00e4t f\u00fcr zufriedene Kunden<\/h1>\n<p>Ei ist nicht gleich Ei! Nicht nur optisch und inhaltlich, sondern auch geschmacklich gibt es hier gro\u00dfe Unterschiede. Wir haben uns selbst das Ziel gesetzt, unseren Kunden nur Eier h\u00f6chster Qualit\u00e4t zu liefern. Darunter verstehen wir nicht nur saubere, kontrollierte, sondern auch <strong>wohlschmeckende Eier<\/strong>.<\/p>\n<p>Die Qualit\u00e4t f\u00e4ngt f\u00fcr uns bereits bei der Auswahl der Legehennen an, die wir ausschlie\u00dflich aus zertifizierten und tier\u00e4rztlich kontrollierten Betrieben beziehen. Unsere Legehennen werden zudem regelm\u00e4\u00dfig von neutralen Tier\u00e4rzten untersucht und bei Bedarf entsprechend geimpft.<\/p>\n<h2>Bestes Futter und regelm\u00e4\u00dfige Kontrollen<\/h2>\n<p>Wie ein Ei aussieht und wie es sp\u00e4ter schmeckt h\u00e4ngt nicht zuletzt auch von einer ausgewogenen Ern\u00e4hrung der Legehennen ab. Denn nur ein gesundes Huhn legt auch gute Eier. Wir f\u00fcttern unsere Legehennen mit hochwertigem Mischfutter, dessen Hauptbestandteil Getreide, wie zum Beispiel Mais und Weizen ist.<\/p>\n<p>Zur optimalen Versorgung der Hennen wird das Futter zudem mit pflanzlichen Proteinen (wie etwa Soja, Raps und Erbsen), mit Mineralien (zum Beispiel Calcium und Phosphor) sowie mit Vitaminen und Spurenelementen bereichert. Wasser und Futter sind f\u00fcr die Hennen in den St\u00e4llen rund um die Uhr erreichbar.<\/p>\n<p>Eine <strong>l\u00fcckenlose Kontrolle<\/strong> sichert die Basis f\u00fcr ein erstklassiges Endprodukt. So achten wir auch auf Sauberkeit in den St\u00e4llen und hygienischen Transport der Eier \u00fcber F\u00f6rderb\u00e4nder zum Verpackungsbereich und nicht zuletzt auch bis zum Kunden.<\/p>\n","protected":false},"excerpt":{"rendered":"<p>Kaufen Sie mit gutem Gewissen bei uns ein. Denn der Gefl\u00fcgelhof Luthersborn zeichnet sich durch eine besonders tiergerechte Haltung mit ausgezeichneter Qualit\u00e4t aus. Mit viel Sorgfalt kontrollieren und verpacken wir unsere Eier nach Ihren W\u00fcnschen. Die Zufriedenheit und das Vertrauen unserer Kunden ist uns sehr wichtig. Denn unsere Qualit\u00e4t ist nicht zuletzt auch Ihre Qualit\u00e4t. [&hellip;]<\/p>\n","protected":false},"author":1,"featured_media":0,"parent":0,"menu_order":4,"comment_status":"closed","ping_status":"closed","template":"","meta":{"footnotes":""},"_links":{"self":[{"href":"http:\/\/xn--geflgelhof-luthersborn-vlc.de\/index.php?rest_route=\/wp\/v2\/pages\/212"}],"collection":[{"href":"http:\/\/xn--geflgelhof-luthersborn-vlc.de\/index.php?rest_route=\/wp\/v2\/pages"}],"about":[{"href":"http:\/\/xn--geflgelhof-luthersborn-vlc.de\/index.php?rest_route=\/wp\/v2\/types\/page"}],"author":[{"embeddable":true,"href":"http:\/\/xn--geflgelhof-luthersborn-vlc.de\/index.php?rest_route=\/wp\/v2\/users\/1"}],"replies":[{"embeddable":true,"href":"http:\/\/xn--geflgelhof-luthersborn-vlc.de\/index.php?rest_route=%2Fwp%2Fv2%2Fcomments&post=212"}],"version-history":[{"count":3,"href":"http:\/\/xn--geflgelhof-luthersborn-vlc.de\/index.php?rest_route=\/wp\/v2\/pages\/212\/revisions"}],"predecessor-version":[{"id":215,"href":"http:\/\/xn--geflgelhof-luthersborn-vlc.de\/index.php?rest_route=\/wp\/v2\/pages\/212\/revisions\/215"}],"wp:attachment":[{"href":"http:\/\/xn--geflgelhof-luthersborn-vlc.de\/index.php?rest_route=%2Fwp%2Fv2%2Fmedia&parent=212"}],"curies":[{"name":"wp","href":"https:\/\/api.w.org\/{rel}","templated":true}]}}